{"id":259611,"date":"2020-02-07T16:02:08","date_gmt":"2020-02-07T21:02:08","guid":{"rendered":"http:\/\/royalnet.unikbdi.com\/training\/formation-niveau-2\/"},"modified":"2020-02-07T16:14:49","modified_gmt":"2020-02-07T21:14:49","slug":"training-level-2","status":"publish","type":"page","link":"https:\/\/www.royalnet.ca\/en\/training\/training-level-2\/","title":{"rendered":"Training level 2"},"content":{"rendered":"<div class=\"wpb-content-wrapper\"><p>[vc_row][vc_column][vc_column_text]<\/p>\n<h1 class=\"my-0\">Training Level 2<\/h1>\n<h3 class=\"text-muted\">16 hours<\/h3>\n<p>[\/vc_column_text][\/vc_column][\/vc_row][vc_row][vc_column width=&#8221;1\/2&#8243;][vc_column_text]- Formation d&#8217;une dur\u00e9e de 2 jours (16 heures)<br \/>\n&#8211; Excellent pour un apprentissage plus minutieux sur la remise \u00e0 neuf<br \/>\nd&#8217;un v\u00e9hicule ou simplement un perfectionnement des techniques.<br \/>\n&#8211; Sujets abord\u00e9s au choix (9 sujets):<\/p>\n<ul>\n<li>Remise \u00e0 neuf du compartiment moteur<\/li>\n<li>Nettoyage ext\u00e9rieur<\/li>\n<li>D\u00e9contamination de la peinture<\/li>\n<li>Nettoyage int\u00e9rieur<\/li>\n<li>Shampoing des tapis<\/li>\n<li>Polissage<\/li>\n<li>Application de protection (Cire, scellant, enduit c\u00e9ramique)<\/li>\n<li>Application de traitement perlant pour pare-brise<\/li>\n<li>Remise \u00e0 neuf int\u00e9rieur.<\/li>\n<\/ul>\n<p>Possibilit\u00e9 d\u2019offrir cette formation dans nos locaux avec v\u00e9hicule de<br \/>\npratique fourni par notre entreprise ou directement dans vos locaux. Si<br \/>\nvous d\u00e9sirez avoir la formation dans vos locaux, il sera n\u00e9c\u00e9ssaire de<br \/>\nfournir les v\u00e9hicules pour appliquer la partie pratique des sujets choisis.[\/vc_column_text][\/vc_column][vc_column width=&#8221;1\/2&#8243;][vc_single_image image=&#8221;259544&#8243; img_size=&#8221;full&#8221; alignment=&#8221;center&#8221; el_class=&#8221;img-fluid&#8221;][\/vc_column][\/vc_row]<\/p>\n<\/div>","protected":false},"excerpt":{"rendered":"<p>[vc_row][vc_column][vc_column_text] Training Level 2 16 hours [\/vc_column_text][\/vc_column][\/vc_row][vc_row][vc_column width=&#8221;1\/2&#8243;][vc_column_text]- Formation d&#8217;une dur\u00e9e de 2 jours (16 heures) &#8211; Excellent pour un<\/p>\n","protected":false},"author":1,"featured_media":0,"parent":259474,"menu_order":0,"comment_status":"closed","ping_status":"closed","template":"","meta":{"footnotes":""},"class_list":["post-259611","page","type-page","status-publish","hentry"],"yoast_head":"<!-- This site is optimized with the Yoast SEO plugin v26.2 - https:\/\/yoast.com\/wordpress\/plugins\/seo\/ -->\n<title>Training level 2 - Les Produits Sanitaires Royal Net<\/title>\n<meta name=\"robots\" content=\"index, follow, max-snippet:-1, max-image-preview:large, max-video-preview:-1\" \/>\n<link rel=\"canonical\" href=\"https:\/\/www.royalnet.ca\/en\/training\/training-level-2\/\" \/>\n<meta property=\"og:locale\" content=\"en_US\" \/>\n<meta property=\"og:type\" content=\"article\" \/>\n<meta property=\"og:title\" content=\"Training level 2 - Les Produits Sanitaires Royal Net\" \/>\n<meta property=\"og:description\" content=\"[vc_row][vc_column][vc_column_text] Training Level 2 16 hours [\/vc_column_text][\/vc_column][\/vc_row][vc_row][vc_column width=&#8221;1\/2&#8243;][vc_column_text]- Formation d&#8217;une dur\u00e9e de 2 jours (16 heures) &#8211; Excellent pour un\" \/>\n<meta property=\"og:url\" content=\"https:\/\/www.royalnet.ca\/en\/training\/training-level-2\/\" \/>\n<meta property=\"og:site_name\" content=\"Les Produits Sanitaires Royal Net\" \/>\n<meta property=\"article:modified_time\" content=\"2020-02-07T21:14:49+00:00\" \/>\n<meta name=\"twitter:card\" content=\"summary_large_image\" \/>\n<meta name=\"twitter:label1\" content=\"Est. reading time\" \/>\n\t<meta name=\"twitter:data1\" content=\"1 minute\" \/>\n<script type=\"application\/ld+json\" class=\"yoast-schema-graph\">{\"@context\":\"https:\/\/schema.org\",\"@graph\":[{\"@type\":\"WebPage\",\"@id\":\"https:\/\/www.royalnet.ca\/en\/training\/training-level-2\/\",\"url\":\"https:\/\/www.royalnet.ca\/en\/training\/training-level-2\/\",\"name\":\"Training level 2 - Les Produits Sanitaires Royal Net\",\"isPartOf\":{\"@id\":\"https:\/\/www.royalnet.ca\/#website\"},\"datePublished\":\"2020-02-07T21:02:08+00:00\",\"dateModified\":\"2020-02-07T21:14:49+00:00\",\"breadcrumb\":{\"@id\":\"https:\/\/www.royalnet.ca\/en\/training\/training-level-2\/#breadcrumb\"},\"inLanguage\":\"en-US\",\"potentialAction\":[{\"@type\":\"ReadAction\",\"target\":[\"https:\/\/www.royalnet.ca\/en\/training\/training-level-2\/\"]}]},{\"@type\":\"BreadcrumbList\",\"@id\":\"https:\/\/www.royalnet.ca\/en\/training\/training-level-2\/#breadcrumb\",\"itemListElement\":[{\"@type\":\"ListItem\",\"position\":1,\"name\":\"Home\",\"item\":\"https:\/\/www.royalnet.ca\/en\/\"},{\"@type\":\"ListItem\",\"position\":2,\"name\":\"Training\",\"item\":\"https:\/\/www.royalnet.ca\/en\/training\/\"},{\"@type\":\"ListItem\",\"position\":3,\"name\":\"Training level 2\"}]},{\"@type\":\"WebSite\",\"@id\":\"https:\/\/www.royalnet.ca\/#website\",\"url\":\"https:\/\/www.royalnet.ca\/\",\"name\":\"Les Produits Sanitaires Royal Net\",\"description\":\"Ma\u00eetre distributeur de produits sanitaires et d&#039;esth\u00e9tique automobile\",\"publisher\":{\"@id\":\"https:\/\/www.royalnet.ca\/#organization\"},\"potentialAction\":[{\"@type\":\"SearchAction\",\"target\":{\"@type\":\"EntryPoint\",\"urlTemplate\":\"https:\/\/www.royalnet.ca\/?s={search_term_string}\"},\"query-input\":{\"@type\":\"PropertyValueSpecification\",\"valueRequired\":true,\"valueName\":\"search_term_string\"}}],\"inLanguage\":\"en-US\"},{\"@type\":\"Organization\",\"@id\":\"https:\/\/www.royalnet.ca\/#organization\",\"name\":\"RoyalNet\",\"url\":\"https:\/\/www.royalnet.ca\/\",\"logo\":{\"@type\":\"ImageObject\",\"inLanguage\":\"en-US\",\"@id\":\"https:\/\/www.royalnet.ca\/#\/schema\/logo\/image\/\",\"url\":\"https:\/\/www.royalnet.ca\/wp-content\/uploads\/2020\/03\/logo-royalnet.png\",\"contentUrl\":\"https:\/\/www.royalnet.ca\/wp-content\/uploads\/2020\/03\/logo-royalnet.png\",\"width\":512,\"height\":127,\"caption\":\"RoyalNet\"},\"image\":{\"@id\":\"https:\/\/www.royalnet.ca\/#\/schema\/logo\/image\/\"}}]}<\/script>\n<!-- \/ Yoast SEO plugin. -->","yoast_head_json":{"title":"Training level 2 - Les Produits Sanitaires Royal Net","robots":{"index":"index","follow":"follow","max-snippet":"max-snippet:-1","max-image-preview":"max-image-preview:large","max-video-preview":"max-video-preview:-1"},"canonical":"https:\/\/www.royalnet.ca\/en\/training\/training-level-2\/","og_locale":"en_US","og_type":"article","og_title":"Training level 2 - Les Produits Sanitaires Royal Net","og_description":"[vc_row][vc_column][vc_column_text] Training Level 2 16 hours [\/vc_column_text][\/vc_column][\/vc_row][vc_row][vc_column width=&#8221;1\/2&#8243;][vc_column_text]- Formation d&#8217;une dur\u00e9e de 2 jours (16 heures) &#8211; Excellent pour un","og_url":"https:\/\/www.royalnet.ca\/en\/training\/training-level-2\/","og_site_name":"Les Produits Sanitaires Royal Net","article_modified_time":"2020-02-07T21:14:49+00:00","twitter_card":"summary_large_image","twitter_misc":{"Est. reading time":"1 minute"},"schema":{"@context":"https:\/\/schema.org","@graph":[{"@type":"WebPage","@id":"https:\/\/www.royalnet.ca\/en\/training\/training-level-2\/","url":"https:\/\/www.royalnet.ca\/en\/training\/training-level-2\/","name":"Training level 2 - Les Produits Sanitaires Royal Net","isPartOf":{"@id":"https:\/\/www.royalnet.ca\/#website"},"datePublished":"2020-02-07T21:02:08+00:00","dateModified":"2020-02-07T21:14:49+00:00","breadcrumb":{"@id":"https:\/\/www.royalnet.ca\/en\/training\/training-level-2\/#breadcrumb"},"inLanguage":"en-US","potentialAction":[{"@type":"ReadAction","target":["https:\/\/www.royalnet.ca\/en\/training\/training-level-2\/"]}]},{"@type":"BreadcrumbList","@id":"https:\/\/www.royalnet.ca\/en\/training\/training-level-2\/#breadcrumb","itemListElement":[{"@type":"ListItem","position":1,"name":"Home","item":"https:\/\/www.royalnet.ca\/en\/"},{"@type":"ListItem","position":2,"name":"Training","item":"https:\/\/www.royalnet.ca\/en\/training\/"},{"@type":"ListItem","position":3,"name":"Training level 2"}]},{"@type":"WebSite","@id":"https:\/\/www.royalnet.ca\/#website","url":"https:\/\/www.royalnet.ca\/","name":"Les Produits Sanitaires Royal Net","description":"Ma\u00eetre distributeur de produits sanitaires et d&#039;esth\u00e9tique automobile","publisher":{"@id":"https:\/\/www.royalnet.ca\/#organization"},"potentialAction":[{"@type":"SearchAction","target":{"@type":"EntryPoint","urlTemplate":"https:\/\/www.royalnet.ca\/?s={search_term_string}"},"query-input":{"@type":"PropertyValueSpecification","valueRequired":true,"valueName":"search_term_string"}}],"inLanguage":"en-US"},{"@type":"Organization","@id":"https:\/\/www.royalnet.ca\/#organization","name":"RoyalNet","url":"https:\/\/www.royalnet.ca\/","logo":{"@type":"ImageObject","inLanguage":"en-US","@id":"https:\/\/www.royalnet.ca\/#\/schema\/logo\/image\/","url":"https:\/\/www.royalnet.ca\/wp-content\/uploads\/2020\/03\/logo-royalnet.png","contentUrl":"https:\/\/www.royalnet.ca\/wp-content\/uploads\/2020\/03\/logo-royalnet.png","width":512,"height":127,"caption":"RoyalNet"},"image":{"@id":"https:\/\/www.royalnet.ca\/#\/schema\/logo\/image\/"}}]}},"_links":{"self":[{"href":"https:\/\/www.royalnet.ca\/en\/wp-json\/wp\/v2\/pages\/259611","targetHints":{"allow":["GET"]}}],"collection":[{"href":"https:\/\/www.royalnet.ca\/en\/wp-json\/wp\/v2\/pages"}],"about":[{"href":"https:\/\/www.royalnet.ca\/en\/wp-json\/wp\/v2\/types\/page"}],"author":[{"embeddable":true,"href":"https:\/\/www.royalnet.ca\/en\/wp-json\/wp\/v2\/users\/1"}],"replies":[{"embeddable":true,"href":"https:\/\/www.royalnet.ca\/en\/wp-json\/wp\/v2\/comments?post=259611"}],"version-history":[{"count":1,"href":"https:\/\/www.royalnet.ca\/en\/wp-json\/wp\/v2\/pages\/259611\/revisions"}],"predecessor-version":[{"id":259612,"href":"https:\/\/www.royalnet.ca\/en\/wp-json\/wp\/v2\/pages\/259611\/revisions\/259612"}],"up":[{"embeddable":true,"href":"https:\/\/www.royalnet.ca\/en\/wp-json\/wp\/v2\/pages\/259474"}],"wp:attachment":[{"href":"https:\/\/www.royalnet.ca\/en\/wp-json\/wp\/v2\/media?parent=259611"}],"curies":[{"name":"wp","href":"https:\/\/api.w.org\/{rel}","templated":true}]}}